{"id":53,"date":"2024-01-19T02:39:56","date_gmt":"2024-01-19T02:39:56","guid":{"rendered":"https:\/\/pandurango.org.mx\/?page_id=53"},"modified":"2025-07-29T01:04:20","modified_gmt":"2025-07-29T01:04:20","slug":"cepe","status":"publish","type":"page","link":"https:\/\/pandurango.org.mx\/index.php\/cepe\/","title":{"rendered":"C E P E                                                                COMISI\u00d3N ESTATAL DE PROCESOS ELECTORALES"},"content":{"rendered":"\n<figure class=\"wp-block-table\"><table><tbody><tr><td>ACUERDO CEPE-DGO-CDE-005-2025<\/td><td><a href=\"http:\/\/pandurango.org.mx\/wp-content\/uploads\/2025\/07\/ACUERDO-005.pdf\">Ver<\/a><\/td><\/tr><tr><td>FE DE ERRATAS ACUERDO CEPE-DGO-CDE-004-2025<\/td><td><a href=\"http:\/\/pandurango.org.mx\/wp-content\/uploads\/2025\/07\/FE-DE-ERRATAS-ACUERDO-004.pdf\" data-type=\"link\" data-id=\"http:\/\/pandurango.org.mx\/wp-content\/uploads\/2025\/07\/FE-DE-ERRATAS-ACUERDO-004.pdf\">Ver<\/a><\/td><\/tr><tr><td>ACUERDO CEPE-DGO-CDE-004-2025<\/td><td><a href=\"http:\/\/pandurango.org.mx\/wp-content\/uploads\/2025\/07\/ACUERDO-CEPE-DGO-CDE-004-2025.pdf\">Ver<\/a><\/td><\/tr><tr><td>ACUERDO CEPE-DGO-CDE-003-2025<\/td><td><a href=\"http:\/\/pandurango.org.mx\/wp-content\/uploads\/2025\/07\/ACUERDO-CEPE-DGO-CDE-003-2025.pdf\">Ver<\/a><\/td><\/tr><tr><td>ACUERDO CEPE-DGO-CDE-002-2025<\/td><td><a href=\"http:\/\/pandurango.org.mx\/wp-content\/uploads\/2025\/07\/ACUERDO-CEPE-DGO-CDE-002-2025.pdf\">Ver<\/a><\/td><\/tr><tr><td>ACUERDO CEPE-DGO-CDE-001-2025<\/td><td><a href=\"http:\/\/pandurango.org.mx\/wp-content\/uploads\/2025\/07\/ACUERDO-CEPE-DGO-CDE-001-2025.pdf\">Ver<\/a><\/td><\/tr><tr><td><strong>53<\/strong> CEPE-DGO-053\/2025<\/td><td><a href=\"http:\/\/pandurango.org.mx\/wp-content\/uploads\/2025\/02\/CEPE-DGO-053-2025.pdf\">Ver<\/a><\/td><\/tr><tr><td><strong>52<\/strong> CEPE-DGO-052\/2025<\/td><td><a href=\"http:\/\/pandurango.org.mx\/wp-content\/uploads\/2025\/02\/CEPE-DGO-052-2025.pdf\">Ver<\/a><\/td><\/tr><tr><td><strong>51<\/strong> CEPE-DGO-051\/2025<\/td><td><a href=\"http:\/\/pandurango.org.mx\/wp-content\/uploads\/2025\/02\/CEPE-DGO-051-2025.pdf\">Ver<\/a><\/td><\/tr><tr><td><strong>50<\/strong> CEPE-DGO-050\/2025<\/td><td><a href=\"http:\/\/pandurango.org.mx\/wp-content\/uploads\/2025\/02\/CEPE-DGO-050-2025.pdf\">Ver<\/a><\/td><\/tr><tr><td><strong>49<\/strong> CEPE-DGO-049\/2025<\/td><td><a href=\"http:\/\/pandurango.org.mx\/wp-content\/uploads\/2025\/02\/CEPE-DGO-049-2025.pdf\">Ver<\/a><\/td><\/tr><tr><td><strong>48<\/strong> CEPE-DGO-048\/2025<\/td><td><a href=\"http:\/\/pandurango.org.mx\/wp-content\/uploads\/2025\/02\/CEPE-DGO-048-2025.pdf\">Ver<\/a><\/td><\/tr><tr><td><strong>47<\/strong> CEPE-DGO-047\/2025<\/td><td><a href=\"http:\/\/pandurango.org.mx\/wp-content\/uploads\/2025\/02\/CEPE-DGO-047-2025.pdf\">Ver<\/a><\/td><\/tr><tr><td><strong>46<\/strong> CEPE-DGO-046\/2025<\/td><td><a href=\"http:\/\/pandurango.org.mx\/wp-content\/uploads\/2025\/02\/CEPE-DGO-046-2025.pdf\">Ver<\/a><\/td><\/tr><tr><td><strong>45<\/strong> CEPE-DGO-045\/2025<\/td><td><a href=\"http:\/\/pandurango.org.mx\/wp-content\/uploads\/2025\/02\/CEPE-DGO-045-2025.pdf\">Ver<\/a><\/td><\/tr><tr><td><strong>44<\/strong> CEPE-DGO-044\/2025<\/td><td><a href=\"http:\/\/pandurango.org.mx\/wp-content\/uploads\/2025\/02\/CEPE-DGO-044-2025.pdf\">Ver<\/a><\/td><\/tr><tr><td><strong>43<\/strong> CEPE-DGO-043\/2025<\/td><td><a href=\"http:\/\/pandurango.org.mx\/wp-content\/uploads\/2025\/02\/CEPE-DGO-043-2025.pdf\">Ver<\/a><\/td><\/tr><tr><td><strong>42<\/strong> CEPE-DGO-042\/2025<\/td><td><a href=\"http:\/\/pandurango.org.mx\/wp-content\/uploads\/2025\/02\/CEPE-DGO-042-2025.pdf\">Ver<\/a><\/td><\/tr><tr><td><strong>41<\/strong> CEPE-DGO-041\/2025<\/td><td><a href=\"http:\/\/pandurango.org.mx\/wp-content\/uploads\/2025\/02\/CEPE-DGO-041-2025.pdf\">Ver<\/a><\/td><\/tr><tr><td><strong>40<\/strong> CEPE-DGO-040\/2025<\/td><td><a href=\"http:\/\/pandurango.org.mx\/wp-content\/uploads\/2025\/02\/CEPE-DGO-040-2025.pdf\">Ver<\/a><\/td><\/tr><tr><td><strong>39<\/strong> CEPE-DGO-039\/2025<\/td><td><a href=\"http:\/\/pandurango.org.mx\/wp-content\/uploads\/2025\/02\/CEPE-DGO-039-2025.pdf\">Ver<\/a><\/td><\/tr><tr><td><strong>38<\/strong> CEPE-DGO-038\/2025<\/td><td><a href=\"http:\/\/pandurango.org.mx\/wp-content\/uploads\/2025\/02\/CEPE-DGO-038-2025.pdf\">Ver<\/a><\/td><\/tr><tr><td><strong>37<\/strong> CEPE-DGO-037\/2025<\/td><td><a href=\"http:\/\/pandurango.org.mx\/wp-content\/uploads\/2025\/02\/CEPE-DGO-037-2025.pdf\">Ver<\/a><\/td><\/tr><tr><td><strong>36<\/strong> CEPE-DGO-036\/2025<\/td><td><a href=\"http:\/\/pandurango.org.mx\/wp-content\/uploads\/2025\/02\/CEPE-DGO-036-2025.pdf\">Ver<\/a><\/td><\/tr><tr><td><strong>35<\/strong> CEPE-DGO-035\/2025<\/td><td><a href=\"http:\/\/pandurango.org.mx\/wp-content\/uploads\/2025\/02\/CEPE-DGO-035-2025.pdf\">Ver<\/a><\/td><\/tr><tr><td><strong>34<\/strong> CEPE-DGO-034\/2025<\/td><td><a href=\"http:\/\/pandurango.org.mx\/wp-content\/uploads\/2025\/02\/CEPE-DGO-034-2025.pdf\">Ver<\/a><\/td><\/tr><tr><td><strong>33<\/strong> CEPE-DGO-033\/2025<\/td><td><a href=\"http:\/\/pandurango.org.mx\/wp-content\/uploads\/2025\/02\/CEPE-DGO-033-2025.pdf\">Ver<\/a><\/td><\/tr><tr><td><strong>32<\/strong> CEPE-DGO-032\/2025<\/td><td><a href=\"http:\/\/pandurango.org.mx\/wp-content\/uploads\/2025\/02\/CEPE-DGO-032-2025.pdf\">Ver<\/a><\/td><\/tr><tr><td><strong>31<\/strong> CEPE-DGO-031\/2025<\/td><td><a href=\"http:\/\/pandurango.org.mx\/wp-content\/uploads\/2025\/02\/CEPE-DGO-031-2025.pdf\">Ver<\/a><\/td><\/tr><tr><td><strong>30<\/strong> CEPE-DGO-030\/2025<\/td><td><a href=\"http:\/\/pandurango.org.mx\/wp-content\/uploads\/2025\/02\/CEPE-DGO-030-2025.pdf\">Ver<\/a><\/td><\/tr><tr><td><strong>29<\/strong> CEPE-DGO-029\/2025<\/td><td><a href=\"http:\/\/pandurango.org.mx\/wp-content\/uploads\/2025\/02\/CEPE-DGO-029-2025.pdf\">Ver<\/a><\/td><\/tr><tr><td><strong>28<\/strong> CEPE-DGO-028\/2025<\/td><td><a href=\"http:\/\/pandurango.org.mx\/wp-content\/uploads\/2025\/02\/CEPE-DGO-028-2025.pdf\">Ver<\/a><\/td><\/tr><tr><td><strong>27<\/strong> CEPE-DGO-027\/2025<\/td><td><a href=\"http:\/\/pandurango.org.mx\/wp-content\/uploads\/2025\/02\/CEPE-DGO-027-2025.pdf\">Ver<\/a><\/td><\/tr><tr><td><strong>26<\/strong> CEPE-DGO-026\/2025<\/td><td><a href=\"http:\/\/pandurango.org.mx\/wp-content\/uploads\/2025\/02\/CEPE-DGO-026-2025.pdf\">Ver<\/a><\/td><\/tr><tr><td><strong>25<\/strong> CEPE-DGO-025\/2025<\/td><td><a href=\"http:\/\/pandurango.org.mx\/wp-content\/uploads\/2025\/02\/CEPE-DGO-025-2025.pdf\">Ver<\/a><\/td><\/tr><tr><td><strong>24<\/strong> CEPE-DGO-024\/2025<\/td><td><a href=\"http:\/\/pandurango.org.mx\/wp-content\/uploads\/2025\/02\/CEPE-DGO-024-2025.pdf\">Ver<\/a><\/td><\/tr><tr><td><strong>23<\/strong> CEPE-DGO-023\/2025<\/td><td><a href=\"http:\/\/pandurango.org.mx\/wp-content\/uploads\/2025\/02\/CEPE-DGO-023-2025.pdf\">Ver<\/a><\/td><\/tr><tr><td><strong>22<\/strong> CEPE-DGO-022\/2025<\/td><td><a href=\"http:\/\/pandurango.org.mx\/wp-content\/uploads\/2025\/02\/CEPE-DGO-022-2025.pdf\">Ver<\/a><\/td><\/tr><tr><td><strong>21<\/strong> CEPE-DGO-021\/2025<\/td><td><a href=\"http:\/\/pandurango.org.mx\/wp-content\/uploads\/2025\/02\/CEPE-DGO-021-2025.pdf\">Ver<\/a><\/td><\/tr><tr><td><strong>20<\/strong> CEPE-DGO-020\/2025<\/td><td><a href=\"http:\/\/pandurango.org.mx\/wp-content\/uploads\/2025\/02\/CEPE-DGO-020-2025.pdf\">Ver<\/a><\/td><\/tr><tr><td><strong>19<\/strong> CEPE-DGO-019\/2025<\/td><td><a href=\"http:\/\/pandurango.org.mx\/wp-content\/uploads\/2025\/02\/CEPE-DGO-019-2025.pdf\">Ver<\/a><\/td><\/tr><tr><td><strong>18<\/strong> CEPE-DGO-018\/2025<\/td><td><a href=\"http:\/\/pandurango.org.mx\/wp-content\/uploads\/2025\/02\/CEPE-DGO-018-2025.pdf\">Ver<\/a><\/td><\/tr><tr><td><strong>17<\/strong> CEPE-DGO-017\/2025<\/td><td><a href=\"http:\/\/pandurango.org.mx\/wp-content\/uploads\/2025\/02\/CEPE-DGO-017-2025.pdf\">Ver<\/a><\/td><\/tr><tr><td><strong>16<\/strong> CEPE-DGO-016\/2025<\/td><td><a href=\"http:\/\/pandurango.org.mx\/wp-content\/uploads\/2025\/02\/CEPE-DGO-016-2025.pdf\">Ver<\/a><\/td><\/tr><tr><td><strong>15<\/strong> CEPE-DGO-015\/2025<\/td><td><a href=\"http:\/\/pandurango.org.mx\/wp-content\/uploads\/2025\/02\/CEPE-DGO-015-2025.pdf\">Ver<\/a><\/td><\/tr><tr><td><strong>14<\/strong> CEPE-DGO-014\/2025<\/td><td><a href=\"http:\/\/pandurango.org.mx\/wp-content\/uploads\/2025\/02\/CEPE-DGO-014-2025.pdf\">Ver<\/a><\/td><\/tr><tr><td><strong>13<\/strong> CEPE-DGO-013\/2025<\/td><td><a href=\"http:\/\/pandurango.org.mx\/wp-content\/uploads\/2025\/02\/CEPE-DGO-013-2025.pdf\">Ver<\/a><\/td><\/tr><tr><td><strong>12<\/strong> CEPE-DGO-012\/2025<\/td><td><a href=\"http:\/\/pandurango.org.mx\/wp-content\/uploads\/2025\/02\/CEPE-DGO-012-2025.pdf\">Ver<\/a><\/td><\/tr><tr><td><strong>11<\/strong> CEPE-DGO-011\/2025<\/td><td><a href=\"http:\/\/pandurango.org.mx\/wp-content\/uploads\/2025\/02\/CEPE-DGO-011-2025.pdf\">Ver<\/a><\/td><\/tr><tr><td><strong>10<\/strong> CEPE-DGO-010\/2025<\/td><td><a href=\"http:\/\/pandurango.org.mx\/wp-content\/uploads\/2025\/02\/CEPE-DGO-010-2025.pdf\">Ver<\/a><\/td><\/tr><tr><td><strong>09<\/strong> CEPE-DGO-009\/2025<\/td><td><a href=\"http:\/\/pandurango.org.mx\/wp-content\/uploads\/2025\/02\/CEPE-DGO-009-2025.pdf\">Ver<\/a><\/td><\/tr><tr><td><strong>08<\/strong> CEPE-DGO-008\/2025<\/td><td><a href=\"http:\/\/pandurango.org.mx\/wp-content\/uploads\/2025\/02\/CEPE-DGO-008-2025.pdf\">Ver<\/a><\/td><\/tr><tr><td><strong>07<\/strong> CEPE-DGO-007\/2025<\/td><td><a href=\"http:\/\/pandurango.org.mx\/wp-content\/uploads\/2025\/02\/CEPE-DGO-007-2025.pdf\">Ver<\/a><\/td><\/tr><tr><td><strong>06<\/strong> CEPE-DGO-006\/2025<\/td><td><a href=\"http:\/\/pandurango.org.mx\/wp-content\/uploads\/2025\/02\/CEPE-DGO-006-2025.pdf\">Ver<\/a><\/td><\/tr><tr><td><strong>05<\/strong> CEPE-DGO-005\/2025<\/td><td><a href=\"http:\/\/pandurango.org.mx\/wp-content\/uploads\/2025\/02\/CEPE-DGO-005-2025.pdf\">Ver<\/a><\/td><\/tr><tr><td><strong>04<\/strong> CEPE-DGO-004\/2025<\/td><td><a href=\"http:\/\/pandurango.org.mx\/wp-content\/uploads\/2025\/02\/CEPE-DGO-004-2025.pdf\">Ver<\/a><\/td><\/tr><tr><td><strong>03<\/strong> CEPE-DGO-003\/2025<\/td><td><a href=\"http:\/\/pandurango.org.mx\/wp-content\/uploads\/2025\/02\/CEPE-DGO-003-2025.pdf\">Ver<\/a><\/td><\/tr><tr><td><strong>02<\/strong> CEPE-DGO-002\/2025<\/td><td><a href=\"http:\/\/pandurango.org.mx\/wp-content\/uploads\/2025\/02\/CEPE-DGO-002-2025.pdf\">Ver<\/a><\/td><\/tr><tr><td><strong>01<\/strong> CEPE-DGO-001\/2025<\/td><td><a href=\"http:\/\/pandurango.org.mx\/wp-content\/uploads\/2025\/02\/CEPE-DGO-001-2025.pdf\">Ver<\/a><\/td><\/tr><tr><td>&#8230;&#8230;&#8230;&#8230;&#8230;&#8230;&#8230;&#8230;&#8230;&#8230;&#8230;&#8230;&#8230;&#8230;&#8230;&#8230;&#8230;&#8230;&#8230;&#8230;&#8230;&#8230;&#8230;&#8230;&#8230;&#8230;&#8230;&#8230;&#8230;&#8230;&#8230;&#8230;&#8230;&#8230;&#8230;&#8230;&#8230;&#8230;&#8230;&#8230;&#8230;&#8230;&#8230;&#8230;&#8230;&#8230;&#8230;&#8230;&#8230;&#8230;&#8230;&#8230;&#8230;&#8230;&#8230;&#8230;&#8230;&#8230;&#8230;&#8230;&#8230;&#8230;&#8230;&#8230;&#8230;.<\/td><td><\/td><\/tr><tr><td><strong>19<\/strong> (12) ACUERDO CEPE-DGO-012\/2024 PROCEDENCIA ADRI\u00c1N MANUEL MAYORQU\u00cdN PADILLA RP<\/td><td><a href=\"http:\/\/pandurango.org.mx\/wp-content\/uploads\/2024\/03\/ACUERDO-CEPE-DGO-012-2024-PROCEDENCIA-ADRIAN-MANUEL-MAYORQUIN-RP.pdf\">Ver<\/a><\/td><\/tr><tr><td><strong>18<\/strong> (11) ACUERDO CEPE-DGO-011\/2024 PROCEDENCIA HILLARY CHELSEA BUENO FLORES MR 12<\/td><td><a href=\"http:\/\/pandurango.org.mx\/wp-content\/uploads\/2024\/03\/ACUERDO-CEPE-DGO-011-2024-PROCEDENCIA-HILLARY-CHELSEA-BUENO-FLORES-MR-12.pdf\">Ver<\/a><\/td><\/tr><tr><td><strong>17<\/strong> (10) ACUERDO CEPE-DGO-010\/2024 PROCEDENCIA JULI\u00c1N C\u00c9SAR RIVAS B NEV\u00c1REZ MR 07<\/td><td><a href=\"http:\/\/pandurango.org.mx\/wp-content\/uploads\/2024\/03\/ACUERDO-CEPE-DGO-010-PROCEDENCIA-JULIAN-CESAR-RIVAS-B-NEVAREZ-MR-07.pdf\">Ver<\/a><\/td><\/tr><tr><td><strong>16<\/strong> (9) ACUERDO CEPE-DGO-009\/2024 PROCEDENCIA ALEJANDRO MOJICA NARV\u00c1EZ MR 01<\/td><td><a href=\"http:\/\/pandurango.org.mx\/wp-content\/uploads\/2024\/03\/ACUERDO-CEPE-DGO-009-PROCEDENCIA-ALEJANDRO-MOJICA-NARVAEZ-MR-01.pdf\">Ver<\/a><\/td><\/tr><tr><td><strong>15 <\/strong>(8) ACUERDO CEPE-DGO-008\/2024 PROCEDENCIA FERNANDO ROCHA AMARO MR 05<\/td><td><a href=\"http:\/\/pandurango.org.mx\/wp-content\/uploads\/2024\/03\/ACUERDO-CEPE-DGO-008-2024-PROCEDENCIA-FERNANDO-ROCHA-AMARO-MR-05.pdf\">Ver<\/a><\/td><\/tr><tr><td><strong>14<\/strong> (7) ACUERDO CEPE-DGO-007\/2024 PROCEDENCIA GABRIELA V\u00c1ZQUEZ CHAC\u00d3N MR 06<\/td><td><a href=\"http:\/\/pandurango.org.mx\/wp-content\/uploads\/2024\/03\/ACUERDO-CEOE-DGO-007-2024-PROCEDENCIA-GABRIELA-VAZQUEZ-CHACON-MR-06.pdf\">Ver<\/a><\/td><\/tr><tr><td><strong>13<\/strong> (6) ACUERDO CEPE-DGO-006\/2024 PROCEDENCIA NORMA ISELA RODR\u00cdGUEZ CONTERAS MR 05<\/td><td><a href=\"http:\/\/pandurango.org.mx\/wp-content\/uploads\/2024\/03\/ACUERDO-CEPE-DGO-006-2024-PROCEDENCIA-NORMA-ISELA-RODRIGUEZ-CONTRERAS-MR-05.pdf\">Ver<\/a><\/td><\/tr><tr><td><strong>12<\/strong> (5) ACUERDO CEPE-DGO-005\/2024 PROCEDENCIA LAURA ELENA ESTRADA RODR\u00cdGUEZ RP<\/td><td><a href=\"http:\/\/pandurango.org.mx\/wp-content\/uploads\/2024\/03\/ACUERDO-CEPE-DGO-005-2024-PROCEDENCIA-LAURA-ELENA-ESTRADA-RP.pdf\">Ver<\/a><\/td><\/tr><tr><td><strong>11<\/strong> (4) ACUERDO CEPE-DGO-004\/2024 PROCEDENCIA JORGE ALBERTO CALERO GARC\u00cdA RP<\/td><td><a href=\"http:\/\/pandurango.org.mx\/wp-content\/uploads\/2024\/03\/ACUERDO-CEPE-DGO-004-PROCEDENCIA-JORGE-ALBERTO-CALERO-RP.pdf\">Ver<\/a><\/td><\/tr><tr><td><strong>10<\/strong> (3) ACUERDO CEPE-DGO-003\/2024 RP PROCEDENCIA VER\u00d3NICA GONZ\u00c1LEZ OLGU\u00cdN<\/td><td><a href=\"http:\/\/pandurango.org.mx\/wp-content\/uploads\/2024\/03\/ACUERDO-CEPE-DGO-003-2024-PROCEDENCIA-VERONICA-GONZALEZ-OLGUIN-RP.pdf\">Ver<\/a><\/td><\/tr><tr><td><strong>9<\/strong> (2) ACUERDO CEPE-DGO-002\/2024 PROCEDENCIA NORMA ISELA RODR\u00cdGUEZ CONTRERAS RP<\/td><td><a href=\"http:\/\/pandurango.org.mx\/wp-content\/uploads\/2024\/03\/ACUERDO-CEPE-DGO-003-2024-PROCEDENCIA-VERONICA-GONZALEZ-OLGUIN-RP.pdf\">Ver<\/a><\/td><\/tr><tr><td><strong>8<\/strong> (1) ACUERDO CEPE-DGO-001\/2024 PROCEDENCIA LETICIA TALAVERA CISNEROS RP<\/td><td><a href=\"http:\/\/pandurango.org.mx\/wp-content\/uploads\/2024\/03\/ACUERDO-CEPE-DGO-001-2024-PROCEDENCIA-LETICIA-TALAVERA-RP.pdf\">Ver<\/a><\/td><\/tr><tr><td><strong>7<\/strong> REQUERIMIENTO DOCUMENTAL C. JES\u00daS GUILLERMO JU\u00c1REZ COMPEAN<\/td><td><a href=\"http:\/\/pandurango.org.mx\/wp-content\/uploads\/2024\/03\/REQUERIMIENTO-DOCUMENTAL.pdf\" target=\"_blank\" rel=\"noreferrer noopener\">Ver<\/a><\/td><\/tr><tr><td><strong>6<\/strong> INVITACI\u00d3N DIPUTACIONES LOCALES POR LOS PRINCIPIOS DE MAYOR\u00cdA RELATIVA Y REPRESENTACI\u00d3N PROPORCIONAL.<\/td><td><a href=\"http:\/\/pandurango.org.mx\/wp-content\/uploads\/2024\/02\/INVITACION-DIPUTACIONES-LOCALES-POR-LOS-PRINCIPIOS-DE-MAYORIA-RELATIVA-Y-REPRESENTACION-PROPORCIONAL-3.pdf\">Ver<\/a><\/td><\/tr><tr><td><strong>5<\/strong> INVITACI\u00d3N DIPUTACIONES PRINCIPIO DE REPRESENTACI\u00d3N PROPORCIONAL<\/td><td><a href=\"http:\/\/pandurango.org.mx\/wp-content\/uploads\/2024\/01\/5-INVITACION-DIPUTACIONES-PRINCIPIO-DE-REPRESENTACION-PROPORCIONAL.pdf\" target=\"_blank\" rel=\"noreferrer noopener\">Ver<\/a><\/td><\/tr><tr><td><strong>4<\/strong> INVITACI\u00d3N DIPUTACIONES MAYOR\u00cdA RELATIVA<\/td><td><a href=\"http:\/\/pandurango.org.mx\/wp-content\/uploads\/2024\/01\/4-INVITACION-DIPUTACIONES-MAYORIA-RELATIVA.pdf\" target=\"_blank\" rel=\"noreferrer noopener\">Ver<\/a><\/td><\/tr><tr><td><strong>3<\/strong> ACUERDO ACCIONES AFIRMATIVAS SENADO DE LA REP\u00daBLICA<\/td><td><a href=\"http:\/\/pandurango.org.mx\/wp-content\/uploads\/2024\/01\/3-ACUERDO-ACCIONES-AFIRMATIVAS-SENADO-DE-LA-REPUBLICA.pdf\" target=\"_blank\" rel=\"noreferrer noopener\">Ver<\/a><\/td><\/tr><tr><td><strong>2<\/strong> INVITACI\u00d3N SENADO DE LA REP\u00daBLICA PRIMERA FORMULA<\/td><td><a href=\"http:\/\/pandurango.org.mx\/wp-content\/uploads\/2024\/01\/2-INVITACION-SENADO-DE-LA-REPUBLICA-PRIMERA-FORMULA.pdf\" target=\"_blank\" rel=\"noreferrer noopener\">Ver<\/a><\/td><\/tr><tr><td><strong>1<\/strong> INVITACI\u00d3N SENADO DE LA REP\u00daBLICA REPRESENTACI\u00d3N PROPORCIONAL<\/td><td><a href=\"http:\/\/pandurango.org.mx\/wp-content\/uploads\/2024\/01\/1-INVITACION-SENADO-DE-LA-REPUBLICA-REPRESENTACION-PROPORCIONAL.pdf\" target=\"_blank\" rel=\"noreferrer noopener\">Ver<\/a><\/td><\/tr><\/tbody><\/table><\/figure>\n","protected":false},"excerpt":{"rendered":"<p>ACUERDO CEPE-DGO-CDE-005-2025 Ver FE DE ERRATAS ACUERDO CEPE-DGO-CDE-004-2025 Ver ACUERDO CEPE-DGO-CDE-004-2025 Ver ACUERDO CEPE-DGO-CDE-003-2025 Ver ACUERDO CEPE-DGO-CDE-002-2025 Ver ACUERDO CEPE-DGO-CDE-001-2025 Ver 53 CEPE-DGO-053\/2025 Ver 52<\/p>\n","protected":false},"author":1,"featured_media":0,"parent":0,"menu_order":0,"comment_status":"closed","ping_status":"closed","template":"","meta":{"_eb_attr":"","footnotes":""},"class_list":["post-53","page","type-page","status-publish","hentry"],"_links":{"self":[{"href":"https:\/\/pandurango.org.mx\/index.php\/wp-json\/wp\/v2\/pages\/53","targetHints":{"allow":["GET"]}}],"collection":[{"href":"https:\/\/pandurango.org.mx\/index.php\/wp-json\/wp\/v2\/pages"}],"about":[{"href":"https:\/\/pandurango.org.mx\/index.php\/wp-json\/wp\/v2\/types\/page"}],"author":[{"embeddable":true,"href":"https:\/\/pandurango.org.mx\/index.php\/wp-json\/wp\/v2\/users\/1"}],"replies":[{"embeddable":true,"href":"https:\/\/pandurango.org.mx\/index.php\/wp-json\/wp\/v2\/comments?post=53"}],"version-history":[{"count":37,"href":"https:\/\/pandurango.org.mx\/index.php\/wp-json\/wp\/v2\/pages\/53\/revisions"}],"predecessor-version":[{"id":1264,"href":"https:\/\/pandurango.org.mx\/index.php\/wp-json\/wp\/v2\/pages\/53\/revisions\/1264"}],"wp:attachment":[{"href":"https:\/\/pandurango.org.mx\/index.php\/wp-json\/wp\/v2\/media?parent=53"}],"curies":[{"name":"wp","href":"https:\/\/api.w.org\/{rel}","templated":true}]}}